{"id":5254,"date":"2016-07-08T10:38:07","date_gmt":"2016-07-08T10:38:07","guid":{"rendered":"https:\/\/www.expoclean.com.ar\/perfil-del-expositor\/"},"modified":"2025-03-28T13:14:19","modified_gmt":"2025-03-28T16:14:19","slug":"perfil-del-expositor","status":"publish","type":"page","link":"https:\/\/www.expoclean.com.ar\/br\/perfil-del-expositor\/","title":{"rendered":"Perfil dos Expositores"},"content":{"rendered":"<p>[vc_row content_placement=&#8221;middle&#8221; css_animation=&#8221;bounceInLeft&#8221;][vc_column][vc_custom_heading text=&#8221;Produtos, equipamentos, materiais e servi\u00e7os&#8221; font_container=&#8221;tag:h2|text_align:center|color:%231eb1e5&#8243; google_fonts=&#8221;font_family:Lato%3A100%2C100italic%2C300%2C300italic%2Cregular%2Citalic%2C700%2C700italic%2C900%2C900italic|font_style:400%20regular%3A400%3Anormal&#8221;][vc_row_inner content_placement=&#8221;middle&#8221;][vc_column_inner width=&#8221;1\/2&#8243;][tz_list_meetup style_list=&#8221;1&#8243;][tz_list_meetup_item icon_font=&#8221;fa-check&#8221; color_icon_font=&#8221;#76c164&#8243; title_list=&#8221;Maquinarias de limpeza para o interior e exterior&#8221;][tz_list_meetup_item icon_font=&#8221;fa-check&#8221; color_icon_font=&#8221;#76c164&#8243; title_list=&#8221;T\u00e9cnicas e servi\u00e7os para o usu\u00e1rio&#8221;][tz_list_meetup_item icon_font=&#8221;fa-check&#8221; color_icon_font=&#8221;#76c164&#8243; title_list=&#8221;Servi\u00e7os de limpeza, facility, repara\u00e7\u00e3o e manuten\u00e7\u00e3o&#8221;][tz_list_meetup_item icon_font=&#8221;fa-check&#8221; color_icon_font=&#8221;#76c164&#8243; title_list=&#8221;Controle de pragas&#8221;][tz_list_meetup_item icon_font=&#8221;fa-check&#8221; color_icon_font=&#8221;#76c164&#8243; title_list=&#8221;Servi\u00e7os de tratamento de material descart\u00e1vel, perigoso, subprodutos e efluentes industriais&#8221;][tz_list_meetup_item icon_font=&#8221;fa-check&#8221; color_icon_font=&#8221;#76c164&#8243; title_list=&#8221;Agentes, materiais e acess\u00f3rios para limpeza&#8221;][tz_list_meetup_item icon_font=&#8221;fa-check&#8221; color_icon_font=&#8221;#76c164&#8243; title_list=&#8221;Implementos de prote\u00e7\u00e3o industrial&#8221;][tz_list_meetup_item icon_font=&#8221;fa-check&#8221; color_icon_font=&#8221;#76c164&#8243; title_list=&#8221;Equipamentos e produtos para a manuten\u00e7\u00e3o comunal&#8221;][tz_list_meetup_item icon_font=&#8221;fa-check&#8221; color_icon_font=&#8221;#76c164&#8243; title_list=&#8221;Equipamento e produtos para lavanderias industriais e limpeza a seco&#8221;][tz_list_meetup_item icon_font=&#8221;fa-check&#8221; color_icon_font=&#8221;#76c164&#8243; title_list=&#8221;Material de higiene em papel&#8221;][\/tz_list_meetup][\/vc_column_inner][vc_column_inner width=&#8221;1\/2&#8243;][tz_list_meetup style_list=&#8221;1&#8243;][tz_list_meetup_item icon_font=&#8221;fa-check&#8221; color_icon_font=&#8221;#76c164&#8243; title_list=&#8221;Servi\u00e7os de higiene&#8221;][tz_list_meetup_item icon_font=&#8221;fa-check&#8221; color_icon_font=&#8221;#76c164&#8243; title_list=&#8221;Sistemas de limpeza biol\u00f3gica&#8221;][tz_list_meetup_item icon_font=&#8221;fa-check&#8221; color_icon_font=&#8221;#76c164&#8243; title_list=&#8221;Polidora de pisos, pe\u00e7as e insumos&#8221;][tz_list_meetup_item icon_font=&#8221;fa-check&#8221; color_icon_font=&#8221;#76c164&#8243; title_list=&#8221;Tratamento e cuidado de pisos&#8221;][tz_list_meetup_item icon_font=&#8221;fa-check&#8221; color_icon_font=&#8221;#76c164&#8243; title_list=&#8221;M\u00e1quinas de limpeza de alta press\u00e3o&#8221;][tz_list_meetup_item icon_font=&#8221;fa-check&#8221; color_icon_font=&#8221;#76c164&#8243; title_list=&#8221;Baterias para m\u00e1quinas de limpeza&#8221;][tz_list_meetup_item icon_font=&#8221;fa-check&#8221; color_icon_font=&#8221;#76c164&#8243; title_list=&#8221;Equipamento e insumos para a aromatiza\u00e7\u00e3o&#8221;][tz_list_meetup_item icon_font=&#8221;fa-check&#8221; color_icon_font=&#8221;#76c164&#8243; title_list=&#8221;Produtos qu\u00edmicos&#8221;][tz_list_meetup_item icon_font=&#8221;fa-check&#8221; color_icon_font=&#8221;#76c164&#8243; title_list=&#8221;Andaime para trabalho em altura&#8221;][tz_list_meetup_item icon_font=&#8221;fa-check&#8221; color_icon_font=&#8221;#76c164&#8243; title_list=&#8221;Indument\u00e1ria de trabalho&#8221;][\/tz_list_meetup][\/vc_column_inner][\/vc_row_inner][vc_empty_space height=&#8221;64px&#8221;][\/vc_column][\/vc_row][vc_row][vc_column width=&#8221;1\/2&#8243;][vc_custom_heading text=&#8221;\u203a Objetivos&#8221; font_container=&#8221;tag:h2|text_align:center|color:%231eb1e5&#8243; google_fonts=&#8221;font_family:Lato%3A100%2C100italic%2C300%2C300italic%2Cregular%2Citalic%2C700%2C700italic%2C900%2C900italic|font_style:400%20regular%3A400%3Anormal&#8221;][vc_empty_space][vc_separator color=&#8221;custom&#8221; accent_color=&#8221;#1eb1e5&#8243; css=&#8221;.vc_custom_1489174043328{padding-bottom: 5px !important;}&#8221;][vc_row_inner][vc_column_inner width=&#8221;1\/4&#8243;][vc_column_text]<\/p>\n<p style=\"padding-top: 10px;\"><span style=\"font-size: 45px; color: #1eb1e5; font-weight: 600;\">100%<\/span><\/p>\n<p>[\/vc_column_text][\/vc_column_inner][vc_column_inner width=&#8221;3\/4&#8243;][vc_column_text]<span style=\"color: #1eb1e5; font-size: 16px; font-weight: 800;\">Objetivos alcan\u00e7ados<\/span>[\/vc_column_text][\/vc_column_inner][\/vc_row_inner][vc_separator color=&#8221;custom&#8221; accent_color=&#8221;#1eb1e5&#8243;][vc_column_text]<\/p>\n<h3 style=\"color: #1eb1e5; font-size: 16px; font-weight: 800;\">Impress\u00e3o geral da Exposi\u00e7\u00e3o<\/h3>\n<p>[\/vc_column_text][vc_row_inner][vc_column_inner width=&#8221;1\/6&#8243;][\/vc_column_inner][vc_column_inner width=&#8221;2\/3&#8243;][vc_round_chart stroke_width=&#8221;2&#8243; stroke_color=&#8221;custom&#8221; values=&#8221;%5B%7B%22title%22%3A%22Muy%20buena%22%2C%22value%22%3A%2265%22%2C%22color%22%3A%22blue%22%7D%2C%7B%22title%22%3A%22Buena%22%2C%22value%22%3A%229%22%2C%22color%22%3A%22green%22%7D%2C%7B%22title%22%3A%22Excelente%22%2C%22value%22%3A%2226%22%2C%22color%22%3A%22orange%22%2C%22custom_color%22%3A%22%23ff675b%22%7D%5D&#8221; custom_stroke_color=&#8221;#76c164&#8243;][\/vc_column_inner][vc_column_inner width=&#8221;1\/6&#8243;][\/vc_column_inner][\/vc_row_inner][\/vc_column][vc_column width=&#8221;1\/2&#8243;][vc_custom_heading text=&#8221;\u203a Satisfa\u00e7\u00e3o&#8221; font_container=&#8221;tag:h2|text_align:center|color:%231eb1e5&#8243; google_fonts=&#8221;font_family:Lato%3A100%2C100italic%2C300%2C300italic%2Cregular%2Citalic%2C700%2C700italic%2C900%2C900italic|font_style:400%20regular%3A400%3Anormal&#8221;][vc_empty_space][vc_separator color=&#8221;custom&#8221; accent_color=&#8221;#1eb1e5&#8243; css=&#8221;.vc_custom_1489174043328{padding-bottom: 5px !important;}&#8221;][vc_row_inner][vc_column_inner width=&#8221;1\/4&#8243;][vc_column_text]<\/p>\n<p style=\"padding-top: 10px;\"><span style=\"font-size: 45px; color: #1eb1e5; font-weight: 600;\">100%<\/span><\/p>\n<p>[\/vc_column_text][\/vc_column_inner][vc_column_inner width=&#8221;3\/4&#8243;][vc_column_text]<span style=\"color: #1eb1e5; font-size: 16px; font-weight: 800;\">Satisfa\u00e7\u00e3o com o n\u00famero de visitantes<\/span>[\/vc_column_text][\/vc_column_inner][\/vc_row_inner][vc_separator color=&#8221;custom&#8221; accent_color=&#8221;#1eb1e5&#8243;][vc_column_text]<\/p>\n<h3 style=\"color: #1eb1e5; font-size: 16px; font-weight: 800;\">Satisfa\u00e7\u00e3o com a qualidade do visitante<\/h3>\n<p>[\/vc_column_text][vc_row_inner][vc_column_inner width=&#8221;1\/6&#8243;][\/vc_column_inner][vc_column_inner width=&#8221;2\/3&#8243;][vc_round_chart stroke_width=&#8221;2&#8243; stroke_color=&#8221;custom&#8221; values=&#8221;%5B%7B%22title%22%3A%22Muy%20buena%22%2C%22value%22%3A%2260%22%2C%22color%22%3A%22blue%22%7D%2C%7B%22title%22%3A%22Buena%22%2C%22value%22%3A%2221%22%2C%22color%22%3A%22green%22%7D%2C%7B%22title%22%3A%22Excelente%22%2C%22value%22%3A%2219%22%2C%22color%22%3A%22orange%22%2C%22custom_color%22%3A%22%23ff675b%22%7D%5D&#8221; custom_stroke_color=&#8221;#76c164&#8243;][\/vc_column_inner][vc_column_inner width=&#8221;1\/6&#8243;][\/vc_column_inner][\/vc_row_inner][\/vc_column][\/vc_row]<\/p>\n","protected":false},"excerpt":{"rendered":"<p>[vc_row content_placement=&#8221;middle&#8221; css_animation=&#8221;bounceInLeft&#8221;][vc_column][vc_custom_heading text=&#8221;Produtos, equipamentos, materiais e servi\u00e7os&#8221; font_container=&#8221;tag:h2|text_align:center|color:%231eb1e5&#8243; google_fonts=&#8221;font_family:Lato%3A100%2C100italic%2C300%2C300italic%2Cregular%2Citalic%2C700%2C700italic%2C900%2C900italic|font_style:400%20regular%3A400%3Anormal&#8221;][vc_row_inner content_placement=&#8221;middle&#8221;][vc_column_inner width=&#8221;1\/2&#8243;][tz_list_meetup style_list=&#8221;1&#8243;][tz_list_meetup_item icon_font=&#8221;fa-check&#8221; color_icon_font=&#8221;#76c164&#8243; title_list=&#8221;Maquinarias de limpeza para o interior e exterior&#8221;][tz_list_meetup_item icon_font=&#8221;fa-check&#8221; color_icon_font=&#8221;#76c164&#8243; title_list=&#8221;T\u00e9cnicas e servi\u00e7os para o usu\u00e1rio&#8221;][tz_list_meetup_item icon_font=&#8221;fa-check&#8221; color_icon_font=&#8221;#76c164&#8243; title_list=&#8221;Servi\u00e7os de limpeza, facility, repara\u00e7\u00e3o e manuten\u00e7\u00e3o&#8221;][tz_list_meetup_item icon_font=&#8221;fa-check&#8221; color_icon_font=&#8221;#76c164&#8243; title_list=&#8221;Controle de pragas&#8221;][tz_list_meetup_item icon_font=&#8221;fa-check&#8221; color_icon_font=&#8221;#76c164&#8243; title_list=&#8221;Servi\u00e7os de tratamento [&hellip;]<\/p>\n","protected":false},"author":1,"featured_media":0,"parent":0,"menu_order":0,"comment_status":"closed","ping_status":"closed","template":"","meta":{"_joinchat":[],"footnotes":""},"yoast_head":"<!-- This site is optimized with the Yoast SEO plugin v23.0 - https:\/\/yoast.com\/wordpress\/plugins\/seo\/ -->\n<title>Perfil dos Expositores - Expo Clean<\/title>\n<meta name=\"robots\" content=\"index, follow, max-snippet:-1, max-image-preview:large, max-video-preview:-1\" \/>\n<link rel=\"canonical\" href=\"https:\/\/www.expoclean.com.ar\/br\/perfil-del-expositor\/\" \/>\n<meta property=\"og:locale\" content=\"pt_BR\" \/>\n<meta property=\"og:type\" content=\"article\" \/>\n<meta property=\"og:title\" content=\"Perfil dos Expositores - Expo Clean\" \/>\n<meta property=\"og:description\" content=\"[vc_row content_placement=&#8221;middle&#8221; css_animation=&#8221;bounceInLeft&#8221;][vc_column][vc_custom_heading text=&#8221;Produtos, equipamentos, materiais e servi\u00e7os&#8221; font_container=&#8221;tag:h2|text_align:center|color:%231eb1e5&#8243; google_fonts=&#8221;font_family:Lato%3A100%2C100italic%2C300%2C300italic%2Cregular%2Citalic%2C700%2C700italic%2C900%2C900italic|font_style:400%20regular%3A400%3Anormal&#8221;][vc_row_inner content_placement=&#8221;middle&#8221;][vc_column_inner width=&#8221;1\/2&#8243;][tz_list_meetup style_list=&#8221;1&#8243;][tz_list_meetup_item icon_font=&#8221;fa-check&#8221; color_icon_font=&#8221;#76c164&#8243; title_list=&#8221;Maquinarias de limpeza para o interior e exterior&#8221;][tz_list_meetup_item icon_font=&#8221;fa-check&#8221; color_icon_font=&#8221;#76c164&#8243; title_list=&#8221;T\u00e9cnicas e servi\u00e7os para o usu\u00e1rio&#8221;][tz_list_meetup_item icon_font=&#8221;fa-check&#8221; color_icon_font=&#8221;#76c164&#8243; title_list=&#8221;Servi\u00e7os de limpeza, facility, repara\u00e7\u00e3o e manuten\u00e7\u00e3o&#8221;][tz_list_meetup_item icon_font=&#8221;fa-check&#8221; color_icon_font=&#8221;#76c164&#8243; title_list=&#8221;Controle de pragas&#8221;][tz_list_meetup_item icon_font=&#8221;fa-check&#8221; color_icon_font=&#8221;#76c164&#8243; title_list=&#8221;Servi\u00e7os de tratamento [&hellip;]\" \/>\n<meta property=\"og:url\" content=\"https:\/\/www.expoclean.com.ar\/br\/perfil-del-expositor\/\" \/>\n<meta property=\"og:site_name\" content=\"Expo Clean\" \/>\n<meta property=\"article:modified_time\" content=\"2025-03-28T16:14:19+00:00\" \/>\n<meta name=\"twitter:card\" content=\"summary_large_image\" \/>\n<meta name=\"twitter:label1\" content=\"Est. tempo de leitura\" \/>\n\t<meta name=\"twitter:data1\" content=\"2 minutos\" \/>\n<script type=\"application\/ld+json\" class=\"yoast-schema-graph\">{\"@context\":\"https:\/\/schema.org\",\"@graph\":[{\"@type\":\"WebPage\",\"@id\":\"https:\/\/www.expoclean.com.ar\/br\/perfil-del-expositor\/\",\"url\":\"https:\/\/www.expoclean.com.ar\/br\/perfil-del-expositor\/\",\"name\":\"Perfil dos Expositores - Expo Clean\",\"isPartOf\":{\"@id\":\"https:\/\/www.expoclean.com.ar\/br\/#website\"},\"datePublished\":\"2016-07-08T10:38:07+00:00\",\"dateModified\":\"2025-03-28T16:14:19+00:00\",\"breadcrumb\":{\"@id\":\"https:\/\/www.expoclean.com.ar\/br\/perfil-del-expositor\/#breadcrumb\"},\"inLanguage\":\"pt-BR\",\"potentialAction\":[{\"@type\":\"ReadAction\",\"target\":[\"https:\/\/www.expoclean.com.ar\/br\/perfil-del-expositor\/\"]}]},{\"@type\":\"BreadcrumbList\",\"@id\":\"https:\/\/www.expoclean.com.ar\/br\/perfil-del-expositor\/#breadcrumb\",\"itemListElement\":[{\"@type\":\"ListItem\",\"position\":1,\"name\":\"Portada\",\"item\":\"https:\/\/www.expoclean.com.ar\/br\/\"},{\"@type\":\"ListItem\",\"position\":2,\"name\":\"Perfil dos Expositores\"}]},{\"@type\":\"WebSite\",\"@id\":\"https:\/\/www.expoclean.com.ar\/br\/#website\",\"url\":\"https:\/\/www.expoclean.com.ar\/br\/\",\"name\":\"Expo Clean\",\"description\":\"14a Exposici\u00f3n Internacional de Limpieza e Higiene Profesional\",\"potentialAction\":[{\"@type\":\"SearchAction\",\"target\":{\"@type\":\"EntryPoint\",\"urlTemplate\":\"https:\/\/www.expoclean.com.ar\/br\/?s={search_term_string}\"},\"query-input\":\"required name=search_term_string\"}],\"inLanguage\":\"pt-BR\"}]}<\/script>\n<!-- \/ Yoast SEO plugin. -->","yoast_head_json":{"title":"Perfil dos Expositores - Expo Clean","robots":{"index":"index","follow":"follow","max-snippet":"max-snippet:-1","max-image-preview":"max-image-preview:large","max-video-preview":"max-video-preview:-1"},"canonical":"https:\/\/www.expoclean.com.ar\/br\/perfil-del-expositor\/","og_locale":"pt_BR","og_type":"article","og_title":"Perfil dos Expositores - Expo Clean","og_description":"[vc_row content_placement=&#8221;middle&#8221; css_animation=&#8221;bounceInLeft&#8221;][vc_column][vc_custom_heading text=&#8221;Produtos, equipamentos, materiais e servi\u00e7os&#8221; font_container=&#8221;tag:h2|text_align:center|color:%231eb1e5&#8243; google_fonts=&#8221;font_family:Lato%3A100%2C100italic%2C300%2C300italic%2Cregular%2Citalic%2C700%2C700italic%2C900%2C900italic|font_style:400%20regular%3A400%3Anormal&#8221;][vc_row_inner content_placement=&#8221;middle&#8221;][vc_column_inner width=&#8221;1\/2&#8243;][tz_list_meetup style_list=&#8221;1&#8243;][tz_list_meetup_item icon_font=&#8221;fa-check&#8221; color_icon_font=&#8221;#76c164&#8243; title_list=&#8221;Maquinarias de limpeza para o interior e exterior&#8221;][tz_list_meetup_item icon_font=&#8221;fa-check&#8221; color_icon_font=&#8221;#76c164&#8243; title_list=&#8221;T\u00e9cnicas e servi\u00e7os para o usu\u00e1rio&#8221;][tz_list_meetup_item icon_font=&#8221;fa-check&#8221; color_icon_font=&#8221;#76c164&#8243; title_list=&#8221;Servi\u00e7os de limpeza, facility, repara\u00e7\u00e3o e manuten\u00e7\u00e3o&#8221;][tz_list_meetup_item icon_font=&#8221;fa-check&#8221; color_icon_font=&#8221;#76c164&#8243; title_list=&#8221;Controle de pragas&#8221;][tz_list_meetup_item icon_font=&#8221;fa-check&#8221; color_icon_font=&#8221;#76c164&#8243; title_list=&#8221;Servi\u00e7os de tratamento [&hellip;]","og_url":"https:\/\/www.expoclean.com.ar\/br\/perfil-del-expositor\/","og_site_name":"Expo Clean","article_modified_time":"2025-03-28T16:14:19+00:00","twitter_card":"summary_large_image","twitter_misc":{"Est. tempo de leitura":"2 minutos"},"schema":{"@context":"https:\/\/schema.org","@graph":[{"@type":"WebPage","@id":"https:\/\/www.expoclean.com.ar\/br\/perfil-del-expositor\/","url":"https:\/\/www.expoclean.com.ar\/br\/perfil-del-expositor\/","name":"Perfil dos Expositores - Expo Clean","isPartOf":{"@id":"https:\/\/www.expoclean.com.ar\/br\/#website"},"datePublished":"2016-07-08T10:38:07+00:00","dateModified":"2025-03-28T16:14:19+00:00","breadcrumb":{"@id":"https:\/\/www.expoclean.com.ar\/br\/perfil-del-expositor\/#breadcrumb"},"inLanguage":"pt-BR","potentialAction":[{"@type":"ReadAction","target":["https:\/\/www.expoclean.com.ar\/br\/perfil-del-expositor\/"]}]},{"@type":"BreadcrumbList","@id":"https:\/\/www.expoclean.com.ar\/br\/perfil-del-expositor\/#breadcrumb","itemListElement":[{"@type":"ListItem","position":1,"name":"Portada","item":"https:\/\/www.expoclean.com.ar\/br\/"},{"@type":"ListItem","position":2,"name":"Perfil dos Expositores"}]},{"@type":"WebSite","@id":"https:\/\/www.expoclean.com.ar\/br\/#website","url":"https:\/\/www.expoclean.com.ar\/br\/","name":"Expo Clean","description":"14a Exposici\u00f3n Internacional de Limpieza e Higiene Profesional","potentialAction":[{"@type":"SearchAction","target":{"@type":"EntryPoint","urlTemplate":"https:\/\/www.expoclean.com.ar\/br\/?s={search_term_string}"},"query-input":"required name=search_term_string"}],"inLanguage":"pt-BR"}]}},"_links":{"self":[{"href":"https:\/\/www.expoclean.com.ar\/br\/wp-json\/wp\/v2\/pages\/5254"}],"collection":[{"href":"https:\/\/www.expoclean.com.ar\/br\/wp-json\/wp\/v2\/pages"}],"about":[{"href":"https:\/\/www.expoclean.com.ar\/br\/wp-json\/wp\/v2\/types\/page"}],"author":[{"embeddable":true,"href":"https:\/\/www.expoclean.com.ar\/br\/wp-json\/wp\/v2\/users\/1"}],"replies":[{"embeddable":true,"href":"https:\/\/www.expoclean.com.ar\/br\/wp-json\/wp\/v2\/comments?post=5254"}],"version-history":[{"count":6,"href":"https:\/\/www.expoclean.com.ar\/br\/wp-json\/wp\/v2\/pages\/5254\/revisions"}],"predecessor-version":[{"id":8758,"href":"https:\/\/www.expoclean.com.ar\/br\/wp-json\/wp\/v2\/pages\/5254\/revisions\/8758"}],"wp:attachment":[{"href":"https:\/\/www.expoclean.com.ar\/br\/wp-json\/wp\/v2\/media?parent=5254"}],"curies":[{"name":"wp","href":"https:\/\/api.w.org\/{rel}","templated":true}]}}